{"id":132631,"date":"2025-09-24T07:00:25","date_gmt":"2025-09-24T07:00:25","guid":{"rendered":"https:\/\/www.hiseadock.com\/?page_id=132631"},"modified":"2025-09-26T10:00:27","modified_gmt":"2025-09-26T10:00:27","slug":"case-studies","status":"publish","type":"page","link":"https:\/\/www.hiseadock.com\/de\/case-studies\/","title":{"rendered":"Fallstudien"},"content":{"rendered":"<div data-elementor-type=\"wp-page\" data-elementor-id=\"132631\" class=\"elementor elementor-132631\" data-elementor-post-type=\"page\">\n\t\t\t\t\t\t<section class=\"elementor-section elementor-top-section elementor-element elementor-element-6255990 elementor-section-full_width elementor-section-height-min-height elementor-section-stretched elementor-section-height-default elementor-section-items-middle\" data-id=\"6255990\" data-element_type=\"section\" data-settings=\"{&quot;stretch_section&quot;:&quot;section-stretched&quot;,&quot;background_background&quot;:&quot;classic&quot;}\">\n\t\t\t\t\t\t<div class=\"elementor-container elementor-column-gap-default\">\n\t\t\t\t\t<div class=\"elementor-column elementor-col-100 elementor-top-column elementor-element elementor-element-e198571\" data-id=\"e198571\" data-element_type=\"column\">\n\t\t\t<div class=\"elementor-widget-wrap elementor-element-populated\">\n\t\t\t\t\t\t<div class=\"elementor-element elementor-element-36f21b6 elementor-widget elementor-widget-heading\" data-id=\"36f21b6\" data-element_type=\"widget\" data-widget_type=\"heading.default\">\n\t\t\t\t<div class=\"elementor-widget-container\">\n\t\t\t<h2 class=\"elementor-heading-title elementor-size-default\">Fallstudien<\/h2>\t\t<\/div>\n\t\t\t\t<\/div>\n\t\t\t\t<div class=\"elementor-element elementor-element-d7bb0d4 elementor-widget elementor-widget-text-editor\" data-id=\"d7bb0d4\" data-element_type=\"widget\" data-widget_type=\"text-editor.default\">\n\t\t\t\t<div class=\"elementor-widget-container\">\n\t\t\t\t\t\t\t<p>Jedes Projekt beginnt mit einer einzigartigen Herausforderung. Hier sehen Sie, wie unsere langlebigen, flexiblen und einfach zu montierenden schwimmenden Bl\u00f6cke unseren Kunden helfen, Umweltauflagen zu erf\u00fcllen, Kosten zu sparen und ihre funktionalen Ziele zu erreichen. Diese Geschichten sind der ultimative Beweis f\u00fcr unser Engagement f\u00fcr Qualit\u00e4t.<\/p>\t\t\t\t\t\t<\/div>\n\t\t\t\t<\/div>\n\t\t\t\t\t<\/div>\n\t\t<\/div>\n\t\t\t\t\t<\/div>\n\t\t<\/section>\n\t\t\t\t<section class=\"elementor-section elementor-top-section elementor-element elementor-element-4b7e07fd elementor-section-stretched elementor-section-boxed elementor-section-height-default elementor-section-height-default\" data-id=\"4b7e07fd\" data-element_type=\"section\" data-settings=\"{&quot;stretch_section&quot;:&quot;section-stretched&quot;,&quot;background_background&quot;:&quot;classic&quot;}\">\n\t\t\t\t\t\t<div class=\"elementor-container elementor-column-gap-default\">\n\t\t\t\t\t<div class=\"elementor-column elementor-col-100 elementor-top-column elementor-element elementor-element-4ac891c2\" data-id=\"4ac891c2\" data-element_type=\"column\">\n\t\t\t<div class=\"elementor-widget-wrap\">\n\t\t\t\t\t\t\t<\/div>\n\t\t<\/div>\n\t\t\t\t\t<\/div>\n\t\t<\/section>\n\t\t\t\t<section class=\"elementor-section elementor-top-section elementor-element elementor-element-68536b6 elementor-section-boxed elementor-section-height-default elementor-section-height-default\" data-id=\"68536b6\" data-element_type=\"section\">\n\t\t\t\t\t\t<div class=\"elementor-container elementor-column-gap-default\">\n\t\t\t\t\t<div class=\"elementor-column elementor-col-100 elementor-top-column elementor-element elementor-element-91645a2\" data-id=\"91645a2\" data-element_type=\"column\">\n\t\t\t<div class=\"elementor-widget-wrap elementor-element-populated\">\n\t\t\t\t\t\t<div class=\"elementor-element elementor-element-a3fc54b elementor-grid-3 elementor-grid-tablet-2 elementor-grid-mobile-1 pp-post-filters-align-left elementor-widget elementor-widget-pp-posts\" data-id=\"a3fc54b\" data-element_type=\"widget\" data-widget_type=\"pp-posts.classic\">\n\t\t\t\t<div class=\"elementor-widget-container\">\n\t\t\t\t\t<div class=\"pp-post-filters-container\">\n\t\t\t\t\t\t<div class=\"pp-post-filters-wrap pp-post-filters-dropdown-no\">\n\t\t\t\t<ul class=\"pp-post-filters\">\n\t\t\t\t\t<li class=\"pp-post-filter pp-filter-current\" data-filter=\"*\" data-taxonomy=\"\">Alle<\/li>\n\t\t\t\t\t\t\t\t\t\t\t\t\t\t\t\t\t\t\t\t\t\t\t\t<li class=\"pp-post-filter\" data-filter=\".floating-dock\" data-taxonomy=\".case_categories\">Schwimmendes Dock<\/li>\n\t\t\t\t\t\t\t\t\t\t\t\t\t\t\t\t\t\t\t\t\t\t\t\t\t\t<li class=\"pp-post-filter\" data-filter=\".floating-restaurant\" data-taxonomy=\".case_categories\">Schwimmendes Restaurant<\/li>\n\t\t\t\t\t\t\t\t\t\t\t\t\t\t\t\t\t\t\t\t\t\t\t\t\t\t<li class=\"pp-post-filter\" data-filter=\".jet-ski-dock\" data-taxonomy=\".case_categories\">Jet Ski Dock<\/li>\n\t\t\t\t\t\t\t\t\t\t\t<\/ul>\n\n\t\t\t\t\t\t\t<\/div>\n\t\t\t\t\t\t\t\t<\/div>\n\t\t\t\t<div class=\"pp-posts-container\">\n\t\t\t\n\t\t\t\t\t\t\t\t\t\t\n\t\t\t<div class=\"pp-posts pp-posts-skin-classic elementor-grid pp-posts-grid\" data-query-type=\"custom\" data-layout=\"grid\" data-page=\"132631\" data-skin=\"classic\">\n\t\t\t\t\t\t\t\t\t\t\t<div class=\"pp-post-wrap pp-grid-item-wrap elementor-grid-item post-138707 case type-case status-publish has-post-thumbnail hentry case_categories-floating-dock case_categories-jet-ski-dock\">\n\t\t\t\t\t\t<div class=\"pp-post pp-grid-item\">\n\t\t\t\t\t\t<div class=\"pp-post-thumbnail\">\n\t\t\t<a class=\"pp-post-thumbnail-wrap\" href=\"https:\/\/www.hiseadock.com\/de\/case\/floating-dock-solution-for-freshwater-shark-club-jiaohe\/\" title=\"Schwimmdock-L\u00f6sung f\u00fcr S\u00fc\u00dfwasser-Hai-Club, Jiaohe\">\n\t\t\t\t<img fetchpriority=\"high\" decoding=\"async\" width=\"2560\" height=\"1918\" src=\"https:\/\/www.hiseadock.com\/wp-content\/uploads\/2026\/03\/\u5fae\u4fe1\u56fe\u7247_20230704151901-1-scaled.jpg\" class=\"attachment-large size-large wp-image-138711\" alt=\"\" srcset=\"https:\/\/www.hiseadock.com\/wp-content\/uploads\/2026\/03\/\u5fae\u4fe1\u56fe\u7247_20230704151901-1-scaled.jpg 2560w, https:\/\/www.hiseadock.com\/wp-content\/uploads\/2026\/03\/\u5fae\u4fe1\u56fe\u7247_20230704151901-1-1536x1151.jpg 1536w, https:\/\/www.hiseadock.com\/wp-content\/uploads\/2026\/03\/\u5fae\u4fe1\u56fe\u7247_20230704151901-1-2048x1534.jpg 2048w, https:\/\/www.hiseadock.com\/wp-content\/uploads\/2026\/03\/\u5fae\u4fe1\u56fe\u7247_20230704151901-1-16x12.jpg 16w, https:\/\/www.hiseadock.com\/wp-content\/uploads\/2026\/03\/\u5fae\u4fe1\u56fe\u7247_20230704151901-1-195x146.jpg 195w, https:\/\/www.hiseadock.com\/wp-content\/uploads\/2026\/03\/\u5fae\u4fe1\u56fe\u7247_20230704151901-1-50x37.jpg 50w, https:\/\/www.hiseadock.com\/wp-content\/uploads\/2026\/03\/\u5fae\u4fe1\u56fe\u7247_20230704151901-1-100x75.jpg 100w, https:\/\/www.hiseadock.com\/wp-content\/uploads\/2026\/03\/\u5fae\u4fe1\u56fe\u7247_20230704151901-1-960x720.jpg 960w\" sizes=\"(max-width: 2560px) 100vw, 2560px\" \/>\t\t\t<\/a>\n\t\t<\/div>\n\t\t\n\t\t\t\t\n\t\t\t\t<div class=\"pp-post-content-wrap\">\n\t\t\t\t\t<div class=\"pp-post-content\">\n\t\t\t\t\t\t\t\t\t\t<div class=\"pp-post-terms-wrap\">\n\t\t\t<span class=\"pp-post-terms\">\n\t\t\t\t<span class=\"pp-post-term\">Schwimmendes Dock<\/span>\t\t\t<\/span>\n\t\t<\/div>\n\t\t\t\t\t\t\t\t\t\t<h3 class=\"pp-post-title\">\n\t\t\t\t<a href=\"https:\/\/www.hiseadock.com\/de\/case\/floating-dock-solution-for-freshwater-shark-club-jiaohe\/\">Schwimmdock-L\u00f6sung f\u00fcr S\u00fc\u00dfwasser-Hai-Club, Jiaohe<\/a>\t\t\t<\/h3>\n\t\t\t\t\t\t\t\t<\/div>\n\t\t\t\t\t\t\t\t\t<\/div>\n\n\t\t\t\t\t\t\t<\/div>\n\t\t\t\t\t<\/div>\n\t\t\t\t<div class=\"pp-post-wrap pp-grid-item-wrap elementor-grid-item post-132644 case type-case status-publish has-post-thumbnail hentry case_categories-floating-restaurant\">\n\t\t\t\t\t\t<div class=\"pp-post pp-grid-item\">\n\t\t\t\t\t\t<div class=\"pp-post-thumbnail\">\n\t\t\t<a class=\"pp-post-thumbnail-wrap\" href=\"https:\/\/www.hiseadock.com\/de\/case\/test-project-2-floating-dock\/\" title=\"Testprojekt 2: Bau einer stabilen schwimmenden Plattform f\u00fcr ein Restaurant am Wasser\">\n\t\t\t\t<img decoding=\"async\" width=\"1024\" height=\"768\" src=\"https:\/\/www.hiseadock.com\/wp-content\/uploads\/2025\/09\/Floating-Restaurant.webp\" class=\"attachment-large size-large wp-image-132648\" alt=\"Floating-Restaurant\" srcset=\"https:\/\/www.hiseadock.com\/wp-content\/uploads\/2025\/09\/Floating-Restaurant.webp 1024w, https:\/\/www.hiseadock.com\/wp-content\/uploads\/2025\/09\/Floating-Restaurant-16x12.webp 16w, https:\/\/www.hiseadock.com\/wp-content\/uploads\/2025\/09\/Floating-Restaurant-195x146.webp 195w, https:\/\/www.hiseadock.com\/wp-content\/uploads\/2025\/09\/Floating-Restaurant-50x38.webp 50w, https:\/\/www.hiseadock.com\/wp-content\/uploads\/2025\/09\/Floating-Restaurant-100x75.webp 100w, https:\/\/www.hiseadock.com\/wp-content\/uploads\/2025\/09\/Floating-Restaurant-960x720.webp 960w\" sizes=\"(max-width: 1024px) 100vw, 1024px\" \/>\t\t\t<\/a>\n\t\t<\/div>\n\t\t\n\t\t\t\t\n\t\t\t\t<div class=\"pp-post-content-wrap\">\n\t\t\t\t\t<div class=\"pp-post-content\">\n\t\t\t\t\t\t\t\t\t\t<div class=\"pp-post-terms-wrap\">\n\t\t\t<span class=\"pp-post-terms\">\n\t\t\t\t<span class=\"pp-post-term\">Schwimmendes Restaurant<\/span>\t\t\t<\/span>\n\t\t<\/div>\n\t\t\t\t\t\t\t\t\t\t<h3 class=\"pp-post-title\">\n\t\t\t\t<a href=\"https:\/\/www.hiseadock.com\/de\/case\/test-project-2-floating-dock\/\">Testprojekt 2: Bau einer stabilen schwimmenden Plattform f\u00fcr ein Restaurant am Wasser<\/a>\t\t\t<\/h3>\n\t\t\t\t\t\t\t\t<\/div>\n\t\t\t\t\t\t\t\t\t<\/div>\n\n\t\t\t\t\t\t\t<\/div>\n\t\t\t\t\t<\/div>\n\t\t\t\t<div class=\"pp-post-wrap pp-grid-item-wrap elementor-grid-item post-131716 case type-case status-publish has-post-thumbnail hentry case_categories-jet-ski-dock\">\n\t\t\t\t\t\t<div class=\"pp-post pp-grid-item\">\n\t\t\t\t\t\t<div class=\"pp-post-thumbnail\">\n\t\t\t<a class=\"pp-post-thumbnail-wrap\" href=\"https:\/\/www.hiseadock.com\/de\/case\/test-project-modular-docking-solution-for-commercial-jet-ski-fleets\/\" title=\"Test-Projekt: Modulare Docking-L\u00f6sung f\u00fcr kommerzielle Jet-Ski-Flotten\">\n\t\t\t\t<img decoding=\"async\" width=\"1024\" height=\"768\" src=\"https:\/\/www.hiseadock.com\/wp-content\/uploads\/2024\/09\/floating-jet-ski-dock.webp\" class=\"attachment-large size-large wp-image-78375\" alt=\"Jetski-Schwimmsteg\" srcset=\"https:\/\/www.hiseadock.com\/wp-content\/uploads\/2024\/09\/floating-jet-ski-dock.webp 1024w, https:\/\/www.hiseadock.com\/wp-content\/uploads\/2024\/09\/floating-jet-ski-dock-195x146.webp 195w, https:\/\/www.hiseadock.com\/wp-content\/uploads\/2024\/09\/floating-jet-ski-dock-50x38.webp 50w, https:\/\/www.hiseadock.com\/wp-content\/uploads\/2024\/09\/floating-jet-ski-dock-100x75.webp 100w, https:\/\/www.hiseadock.com\/wp-content\/uploads\/2024\/09\/floating-jet-ski-dock-960x720.webp 960w\" sizes=\"(max-width: 1024px) 100vw, 1024px\" \/>\t\t\t<\/a>\n\t\t<\/div>\n\t\t\n\t\t\t\t\n\t\t\t\t<div class=\"pp-post-content-wrap\">\n\t\t\t\t\t<div class=\"pp-post-content\">\n\t\t\t\t\t\t\t\t\t\t<div class=\"pp-post-terms-wrap\">\n\t\t\t<span class=\"pp-post-terms\">\n\t\t\t\t<span class=\"pp-post-term\">Jet Ski Dock<\/span>\t\t\t<\/span>\n\t\t<\/div>\n\t\t\t\t\t\t\t\t\t\t<h3 class=\"pp-post-title\">\n\t\t\t\t<a href=\"https:\/\/www.hiseadock.com\/de\/case\/test-project-modular-docking-solution-for-commercial-jet-ski-fleets\/\">Test-Projekt: Modulare Docking-L\u00f6sung f\u00fcr kommerzielle Jet-Ski-Flotten<\/a>\t\t\t<\/h3>\n\t\t\t\t\t\t\t\t<\/div>\n\t\t\t\t\t\t\t\t\t<\/div>\n\n\t\t\t\t\t\t\t<\/div>\n\t\t\t\t\t<\/div>\n\t\t\t\t\t\t\t\t\t<\/div>\n\t\t\t\n\t\t\t\n\t\t\t\n\t\t\t\n\t\t\t\t\t\t\t\t\t\t\t<div class=\"pp-posts-pagination-wrap pp-posts-pagination-bottom\">\n\t\t\t\t\t\t\t\t\t<\/div>\n\t\t\t\t\t\t\t\t\t<\/div>\n\n\t\t\n\t\t\t\t<\/div>\n\t\t\t\t<\/div>\n\t\t\t\t\t<\/div>\n\t\t<\/div>\n\t\t\t\t\t<\/div>\n\t\t<\/section>\n\t\t\t\t<\/div>","protected":false},"excerpt":{"rendered":"<p>Fallstudien Jedes Projekt beginnt mit einer einzigartigen Herausforderung. Hier sehen Sie, wie unsere langlebigen, flexiblen und einfach zu montierenden schwimmenden Bl\u00f6cke unseren Kunden helfen, Umweltauflagen zu \u00fcberwinden und Geld zu sparen.<span class=\"excerpt-hellip\"> [...]<\/span><\/p>","protected":false},"author":1,"featured_media":81922,"parent":0,"menu_order":0,"comment_status":"closed","ping_status":"closed","template":"","meta":{"_acf_changed":false,"_seopress_robots_primary_cat":"","_seopress_titles_title":"Proven Floating Dock Solutions: Global Projects %%sep%% %%sitename%%","_seopress_titles_desc":"Explore real-world projects from Hisea Dock. See how our easy-to-install modular floating docks are used for marinas, jet ski ports, and walkways worldwide.","_seopress_robots_index":"","footnotes":""},"class_list":["post-132631","page","type-page","status-publish","has-post-thumbnail","hentry"],"acf":[],"_links":{"self":[{"href":"https:\/\/www.hiseadock.com\/de\/wp-json\/wp\/v2\/pages\/132631","targetHints":{"allow":["GET"]}}],"collection":[{"href":"https:\/\/www.hiseadock.com\/de\/wp-json\/wp\/v2\/pages"}],"about":[{"href":"https:\/\/www.hiseadock.com\/de\/wp-json\/wp\/v2\/types\/page"}],"author":[{"embeddable":true,"href":"https:\/\/www.hiseadock.com\/de\/wp-json\/wp\/v2\/users\/1"}],"replies":[{"embeddable":true,"href":"https:\/\/www.hiseadock.com\/de\/wp-json\/wp\/v2\/comments?post=132631"}],"version-history":[{"count":41,"href":"https:\/\/www.hiseadock.com\/de\/wp-json\/wp\/v2\/pages\/132631\/revisions"}],"predecessor-version":[{"id":133009,"href":"https:\/\/www.hiseadock.com\/de\/wp-json\/wp\/v2\/pages\/132631\/revisions\/133009"}],"wp:featuredmedia":[{"embeddable":true,"href":"https:\/\/www.hiseadock.com\/de\/wp-json\/wp\/v2\/media\/81922"}],"wp:attachment":[{"href":"https:\/\/www.hiseadock.com\/de\/wp-json\/wp\/v2\/media?parent=132631"}],"curies":[{"name":"wp","href":"https:\/\/api.w.org\/{rel}","templated":true}]}}